{"id":1961,"date":"2023-12-06T14:33:06","date_gmt":"2023-12-06T10:33:06","guid":{"rendered":"https:\/\/team2024.govmu.org\/team2024\/?page_id=1961"},"modified":"2023-12-15T10:46:52","modified_gmt":"2023-12-15T06:46:52","slug":"plenary-speakers","status":"publish","type":"page","link":"https:\/\/team2024.govmu.org\/team2024\/?page_id=1961","title":{"rendered":"Plenary speakers"},"content":{"rendered":"\t\t<div data-elementor-type=\"wp-page\" data-elementor-id=\"1961\" class=\"elementor elementor-1961\" data-elementor-post-type=\"page\">\n\t\t\t\t<div class=\"elementor-element elementor-element-0aa070e e-flex e-con-boxed e-con e-parent\" data-id=\"0aa070e\" data-element_type=\"container\" data-settings=\"{&quot;background_background&quot;:&quot;classic&quot;}\">\n\t\t\t\t\t<div class=\"e-con-inner\">\n\t\t\t\t<div class=\"elementor-element elementor-element-84f59a5 elementor-widget elementor-widget-heading\" data-id=\"84f59a5\" data-element_type=\"widget\" data-widget_type=\"heading.default\">\n\t\t\t\t<div class=\"elementor-widget-container\">\n\t\t\t\t\t<h2 class=\"elementor-heading-title elementor-size-default\">Plenary speakers<\/h2>\t\t\t\t<\/div>\n\t\t\t\t<\/div>\n\t\t\t\t\t<\/div>\n\t\t\t\t<\/div>\n\t\t<div class=\"elementor-element elementor-element-49c7a39 e-flex e-con-boxed e-con e-parent\" data-id=\"49c7a39\" data-element_type=\"container\">\n\t\t\t\t\t<div class=\"e-con-inner\">\n\t\t<div class=\"elementor-element elementor-element-c98e7f1 e-con-full e-flex e-con e-child\" data-id=\"c98e7f1\" data-element_type=\"container\">\n\t\t\t\t<div class=\"elementor-element elementor-element-12ad630 elementor-position-top elementor-widget elementor-widget-image-box\" data-id=\"12ad630\" data-element_type=\"widget\" data-widget_type=\"image-box.default\">\n\t\t\t\t<div class=\"elementor-widget-container\">\n\t\t\t\t\t<div class=\"elementor-image-box-wrapper\"><figure class=\"elementor-image-box-img\"><img fetchpriority=\"high\" decoding=\"async\" width=\"899\" height=\"787\" src=\"https:\/\/team2024.govmu.org\/team2024\/wp-content\/uploads\/2023\/12\/ScheteligMarcF.jpg\" class=\"elementor-animation-grow attachment-full size-full wp-image-2100\" alt=\"\" srcset=\"https:\/\/team2024.govmu.org\/team2024\/wp-content\/uploads\/2023\/12\/ScheteligMarcF.jpg 899w, https:\/\/team2024.govmu.org\/team2024\/wp-content\/uploads\/2023\/12\/ScheteligMarcF-300x263.jpg 300w, https:\/\/team2024.govmu.org\/team2024\/wp-content\/uploads\/2023\/12\/ScheteligMarcF-768x672.jpg 768w\" sizes=\"(max-width: 899px) 100vw, 899px\" \/><\/figure><div class=\"elementor-image-box-content\"><h5 class=\"elementor-image-box-title\">Prof. Dr. Marc F. Schetelig <\/h5><p class=\"elementor-image-box-description\">Prof. Dr. Marc F. Schetelig is a renowned expert in insect biotechnology, holding the position of Professor for Insect Biotechnology in Plant Protection at Justus-Liebig University Giessen, Germany<\/p><\/div><\/div>\t\t\t\t<\/div>\n\t\t\t\t<\/div>\n\t\t\t\t<div class=\"elementor-element elementor-element-4f2a58a elementor-mobile-align-center elementor-tablet-align-center elementor-align-center elementor-widget elementor-widget-button\" data-id=\"4f2a58a\" data-element_type=\"widget\" data-widget_type=\"button.default\">\n\t\t\t\t<div class=\"elementor-widget-container\">\n\t\t\t\t\t\t\t\t\t<div class=\"elementor-button-wrapper\">\n\t\t\t\t\t<a class=\"elementor-button elementor-button-link elementor-size-md\" href=\"\/team2024\/?page_id=1966\">\n\t\t\t\t\t\t<span class=\"elementor-button-content-wrapper\">\n\t\t\t\t\t\t\t\t\t<span class=\"elementor-button-text\">Biography<\/span>\n\t\t\t\t\t<\/span>\n\t\t\t\t\t<\/a>\n\t\t\t\t<\/div>\n\t\t\t\t\t\t\t\t<\/div>\n\t\t\t\t<\/div>\n\t\t\t\t<\/div>\n\t\t<div class=\"elementor-element elementor-element-7f47731 e-con-full e-flex e-con e-child\" data-id=\"7f47731\" data-element_type=\"container\">\n\t\t\t\t<div class=\"elementor-element elementor-element-1bfb482 elementor-position-top elementor-widget elementor-widget-image-box\" data-id=\"1bfb482\" data-element_type=\"widget\" data-widget_type=\"image-box.default\">\n\t\t\t\t<div class=\"elementor-widget-container\">\n\t\t\t\t\t<div class=\"elementor-image-box-wrapper\"><figure class=\"elementor-image-box-img\"><img decoding=\"async\" width=\"1544\" height=\"1160\" src=\"https:\/\/team2024.govmu.org\/team2024\/wp-content\/uploads\/2023\/12\/Helene-Delatte-rotated.jpg\" class=\"elementor-animation-grow attachment-full size-full wp-image-2036\" alt=\"\" srcset=\"https:\/\/team2024.govmu.org\/team2024\/wp-content\/uploads\/2023\/12\/Helene-Delatte-rotated.jpg 1544w, https:\/\/team2024.govmu.org\/team2024\/wp-content\/uploads\/2023\/12\/Helene-Delatte-300x225.jpg 300w, https:\/\/team2024.govmu.org\/team2024\/wp-content\/uploads\/2023\/12\/Helene-Delatte-1024x769.jpg 1024w, https:\/\/team2024.govmu.org\/team2024\/wp-content\/uploads\/2023\/12\/Helene-Delatte-768x577.jpg 768w, https:\/\/team2024.govmu.org\/team2024\/wp-content\/uploads\/2023\/12\/Helene-Delatte-1536x1154.jpg 1536w\" sizes=\"(max-width: 1544px) 100vw, 1544px\" \/><\/figure><div class=\"elementor-image-box-content\"><h5 class=\"elementor-image-box-title\">Dr H\u00e9l\u00e8ne DELATTE (HDR)<\/h5><p class=\"elementor-image-box-description\">Dr H\u00e9l\u00e8ne DELATTE (HDR) is a researcher in CIRAD's PVBMT unit, based in the French overseas territory of R\u00e9union. She obtained her Master\u2019s degree in Crop Science in 2001 and her PhD in 2005 from Wageningen University (Netherlands).<\/p><\/div><\/div>\t\t\t\t<\/div>\n\t\t\t\t<\/div>\n\t\t\t\t<div class=\"elementor-element elementor-element-a3e9778 elementor-mobile-align-center elementor-tablet-align-center elementor-align-center elementor-widget elementor-widget-button\" data-id=\"a3e9778\" data-element_type=\"widget\" data-widget_type=\"button.default\">\n\t\t\t\t<div class=\"elementor-widget-container\">\n\t\t\t\t\t\t\t\t\t<div class=\"elementor-button-wrapper\">\n\t\t\t\t\t<a class=\"elementor-button elementor-button-link elementor-size-md\" href=\"\/team2024\/?page_id=2034\">\n\t\t\t\t\t\t<span class=\"elementor-button-content-wrapper\">\n\t\t\t\t\t\t\t\t\t<span class=\"elementor-button-text\">Biography<\/span>\n\t\t\t\t\t<\/span>\n\t\t\t\t\t<\/a>\n\t\t\t\t<\/div>\n\t\t\t\t\t\t\t\t<\/div>\n\t\t\t\t<\/div>\n\t\t\t\t<\/div>\n\t\t<div class=\"elementor-element elementor-element-77aa769 e-con-full e-flex e-con e-child\" data-id=\"77aa769\" data-element_type=\"container\">\n\t\t\t\t<div class=\"elementor-element elementor-element-6627602 elementor-position-top elementor-widget elementor-widget-image-box\" data-id=\"6627602\" data-element_type=\"widget\" data-widget_type=\"image-box.default\">\n\t\t\t\t<div class=\"elementor-widget-container\">\n\t\t\t\t\t<div class=\"elementor-image-box-wrapper\"><figure class=\"elementor-image-box-img\"><img decoding=\"async\" width=\"620\" height=\"330\" src=\"https:\/\/team2024.govmu.org\/team2024\/wp-content\/uploads\/2023\/12\/vincent_photo.jpg\" class=\"elementor-animation-grow attachment-full size-full wp-image-2052\" alt=\"\" srcset=\"https:\/\/team2024.govmu.org\/team2024\/wp-content\/uploads\/2023\/12\/vincent_photo.jpg 620w, https:\/\/team2024.govmu.org\/team2024\/wp-content\/uploads\/2023\/12\/vincent_photo-300x160.jpg 300w\" sizes=\"(max-width: 620px) 100vw, 620px\" \/><\/figure><div class=\"elementor-image-box-content\"><h5 class=\"elementor-image-box-title\">Dr F.B. Vincent FLORENS<\/h5><p class=\"elementor-image-box-description\">Dr F.B. Vincent FLORENS, Associate Professor of Ecology, Department of Biosciences and Ocean Studies, University of Mauritius, Mauritius<\/p><\/div><\/div>\t\t\t\t<\/div>\n\t\t\t\t<\/div>\n\t\t\t\t<div class=\"elementor-element elementor-element-22cfa86 elementor-mobile-align-center elementor-tablet-align-center elementor-align-center elementor-widget elementor-widget-button\" data-id=\"22cfa86\" data-element_type=\"widget\" data-widget_type=\"button.default\">\n\t\t\t\t<div class=\"elementor-widget-container\">\n\t\t\t\t\t\t\t\t\t<div class=\"elementor-button-wrapper\">\n\t\t\t\t\t<a class=\"elementor-button elementor-button-link elementor-size-md\" href=\"\/team2024\/?page_id=2050\">\n\t\t\t\t\t\t<span class=\"elementor-button-content-wrapper\">\n\t\t\t\t\t\t\t\t\t<span class=\"elementor-button-text\">Biography<\/span>\n\t\t\t\t\t<\/span>\n\t\t\t\t\t<\/a>\n\t\t\t\t<\/div>\n\t\t\t\t\t\t\t\t<\/div>\n\t\t\t\t<\/div>\n\t\t\t\t<\/div>\n\t\t\t\t\t<\/div>\n\t\t\t\t<\/div>\n\t\t\t\t<\/div>\n\t\t","protected":false},"excerpt":{"rendered":"<p>Plenary speakers Prof. Dr. Marc F. Schetelig Prof. Dr. Marc F. Schetelig is a renowned expert in insect biotechnology, holding the position of Professor for Insect Biotechnology in Plant Protection at Justus-Liebig University Giessen, Germany Biography Dr H\u00e9l\u00e8ne DELATTE (HDR) Dr H\u00e9l\u00e8ne DELATTE (HDR) is a researcher in CIRAD&#8217;s PVBMT unit, based in the French overseas territory of R\u00e9union. She obtained her Master\u2019s degree in Crop Science in 2001 and her PhD in 2005 from Wageningen University (Netherlands). Biography Dr F.B. Vincent FLORENS Dr F.B. Vincent FLORENS, Associate Professor of Ecology, Department of Biosciences and Ocean Studies, University of Mauritius,\u2026<\/p>\n","protected":false},"author":1,"featured_media":0,"parent":0,"menu_order":0,"comment_status":"closed","ping_status":"closed","template":"","meta":{"footnotes":""},"class_list":["post-1961","page","type-page","status-publish","hentry"],"blocksy_meta":{"page_title_panel":"","has_hero_section":"disabled","611c92d935758790a591783e16fbb041":"","hero_section":"type-1","hero_elements":[{"id":"custom_title","enabled":true,"heading_tag":"h1","title":"Home"},{"id":"custom_description","enabled":true,"description_visibility":{"desktop":true,"tablet":true,"mobile":false}},{"id":"custom_meta","enabled":false,"meta_elements":[{"id":"author","enabled":true,"label":"By","has_author_avatar":"yes","avatar_size":25},{"id":"post_date","enabled":true,"label":"On","date_format_source":"default","date_format":"M j, Y"},{"id":"updated_date","enabled":false,"label":"On","date_format_source":"default","date_format":"M j, Y"},{"id":"categories","enabled":false,"label":"In","style":"simple"},{"id":"comments","enabled":true}],"page_meta_elements":{"joined":true,"articles_count":true,"comments":true}},{"id":"breadcrumbs","enabled":false}],"46e8d3be9da0d1b82f8af8a9cd0f710d":"","hero_alignment1":"CT_CSS_SKIP_RULE","hero_margin":40,"hero_alignment2":"center","hero_vertical_alignment":"center","362640cecb7f38c45fc0d1a335915791":"","hero_structure":"narrow","e336875188121c375021e4fb0e81c0bb":"","page_title_bg_type":"featured_image","custom_hero_background":{"attachment_id":null},"page_title_image_size":"full","parallax":{"desktop":false,"tablet":false,"mobile":false},"57e5570a8110099c3e979646c8607ab1":"","hero_height":"250px","pageTitleFont":{"family":"Default","variation":"Default","size":"30px","line-height":"CT_CSS_SKIP_RULE","letter-spacing":"CT_CSS_SKIP_RULE","text-transform":"CT_CSS_SKIP_RULE","text-decoration":"CT_CSS_SKIP_RULE"},"pageTitleFontColor":{"default":{"color":"CT_CSS_SKIP_RULEDEFAULT"}},"pageMetaFont":{"family":"Default","variation":"n6","size":"12px","line-height":"1.3","letter-spacing":"CT_CSS_SKIP_RULE","text-transform":"uppercase","text-decoration":"CT_CSS_SKIP_RULE"},"pageMetaFontColor":{"default":{"color":"CT_CSS_SKIP_RULEDEFAULT"},"hover":{"color":"CT_CSS_SKIP_RULEDEFAULT"}},"page_meta_button_type_font_colors":{"default":{"color":"CT_CSS_SKIP_RULEDEFAULT"},"hover":{"color":"CT_CSS_SKIP_RULEDEFAULT"}},"page_meta_button_type_background_colors":{"default":{"color":"CT_CSS_SKIP_RULEDEFAULT"},"hover":{"color":"CT_CSS_SKIP_RULEDEFAULT"}},"pageExcerptFont":{"family":"Default","variation":"Default","size":"CT_CSS_SKIP_RULE","line-height":"CT_CSS_SKIP_RULE","letter-spacing":"CT_CSS_SKIP_RULE","text-transform":"CT_CSS_SKIP_RULE","text-decoration":"CT_CSS_SKIP_RULE"},"pageExcerptColor":{"default":{"color":"CT_CSS_SKIP_RULEDEFAULT"}},"breadcrumbsFont":{"family":"Default","variation":"Default","size":"CT_CSS_SKIP_RULE","line-height":"CT_CSS_SKIP_RULE","letter-spacing":"CT_CSS_SKIP_RULE","text-transform":"CT_CSS_SKIP_RULE","text-decoration":"CT_CSS_SKIP_RULE"},"breadcrumbsFontColor":{"default":{"color":"CT_CSS_SKIP_RULEDEFAULT"},"initial":{"color":"CT_CSS_SKIP_RULEDEFAULT"},"hover":{"color":"CT_CSS_SKIP_RULEDEFAULT"}},"pageTitleOverlay":{"background_type":"color","background_pattern":"type-1","background_image":{"attachment_id":null,"x":0,"y":0},"gradient":"linear-gradient(135deg,rgba(6,147,227,1) 0%,rgb(155,81,224) 100%)","background_repeat":"repeat","background_size":"auto","background_attachment":"scroll","patternColor":{"default":{"color":"#e5e7ea"}},"overlayColor":{"default":{"color":"CT_CSS_SKIP_RULE"}},"backgroundColor":{"default":{"color":"CT_CSS_SKIP_RULE"}}},"pageTitleBackground":{"background_type":"color","background_pattern":"type-1","background_image":{"attachment_id":null,"x":0,"y":0},"gradient":"linear-gradient(135deg,rgba(6,147,227,1) 0%,rgb(155,81,224) 100%)","background_repeat":"repeat","background_size":"auto","background_attachment":"scroll","patternColor":{"default":{"color":"#e5e7ea"}},"overlayColor":{"default":{"color":"CT_CSS_SKIP_RULE"}},"backgroundColor":{"default":{"color":"var(--paletteColor6)"}}},"pageTitlePadding":{"top":"50px","bottom":"50px","left":"auto","right":"auto","linked":true},"3ca83537ec355e8d63870a30117b1ce8":"","page_structure_type":"default","dcdc5c66dddca70118f5ac7cc86bba1b":"","content_style_source":"inherit","content_style":"wide","vertical_spacing_source":"custom","content_area_spacing":"none","background":{"background_type":"color","background_pattern":"type-1","background_image":{"attachment_id":null,"x":0,"y":0},"gradient":"linear-gradient(135deg,rgba(6,147,227,1) 0%,rgb(155,81,224) 100%)","background_repeat":"repeat","background_size":"auto","background_attachment":"scroll","patternColor":{"default":{"color":"#e5e7ea"}},"overlayColor":{"default":{"color":"CT_CSS_SKIP_RULE"}},"backgroundColor":{"default":{"color":"CT_CSS_SKIP_RULE"}}},"content_background":{"background_type":"color","background_pattern":"type-1","background_image":{"attachment_id":null,"x":0,"y":0},"gradient":"linear-gradient(135deg,rgba(6,147,227,1) 0%,rgb(155,81,224) 100%)","background_repeat":"repeat","background_size":"auto","background_attachment":"scroll","patternColor":{"default":{"color":"#e5e7ea"}},"overlayColor":{"default":{"color":"CT_CSS_SKIP_RULE"}},"backgroundColor":{"default":{"color":"var(--paletteColor8)"}}},"content_boxed_shadow":{"inherit":false,"blur":18,"spread":-6,"v_offset":12,"h_offset":0,"inset":false,"enable":true,"color":{"color":"rgba(34, 56, 101, 0.04)"}},"content_boxed_border":{"width":1,"style":"none","color":{"color":"rgba(44,62,80,0.2)"}},"content_boxed_radius":{"top":"3px","bottom":"3px","left":"3px","right":"3px","linked":true},"boxed_content_spacing":{"desktop":{"top":"40px","bottom":"40px","left":"40px","right":"40px","linked":true},"tablet":{"top":"35px","bottom":"35px","left":"35px","right":"35px","linked":true},"mobile":{"top":"20px","bottom":"20px","left":"20px","right":"20px","linked":true}},"e7c68c01908467f471590cb05016567f":"","disable_featured_image":"no","disable_share_box":"no","disable_header":"no","disable_footer":"no","styles_descriptor":{"styles":{"desktop":"","tablet":"","mobile":""},"google_fonts":[],"version":5}},"_links":{"self":[{"href":"https:\/\/team2024.govmu.org\/team2024\/index.php?rest_route=\/wp\/v2\/pages\/1961","targetHints":{"allow":["GET"]}}],"collection":[{"href":"https:\/\/team2024.govmu.org\/team2024\/index.php?rest_route=\/wp\/v2\/pages"}],"about":[{"href":"https:\/\/team2024.govmu.org\/team2024\/index.php?rest_route=\/wp\/v2\/types\/page"}],"author":[{"embeddable":true,"href":"https:\/\/team2024.govmu.org\/team2024\/index.php?rest_route=\/wp\/v2\/users\/1"}],"replies":[{"embeddable":true,"href":"https:\/\/team2024.govmu.org\/team2024\/index.php?rest_route=%2Fwp%2Fv2%2Fcomments&post=1961"}],"version-history":[{"count":22,"href":"https:\/\/team2024.govmu.org\/team2024\/index.php?rest_route=\/wp\/v2\/pages\/1961\/revisions"}],"predecessor-version":[{"id":2103,"href":"https:\/\/team2024.govmu.org\/team2024\/index.php?rest_route=\/wp\/v2\/pages\/1961\/revisions\/2103"}],"wp:attachment":[{"href":"https:\/\/team2024.govmu.org\/team2024\/index.php?rest_route=%2Fwp%2Fv2%2Fmedia&parent=1961"}],"curies":[{"name":"wp","href":"https:\/\/api.w.org\/{rel}","templated":true}]}}